{"id":9492,"date":"2018-02-27T22:54:47","date_gmt":"2018-02-27T22:54:47","guid":{"rendered":"https:\/\/www.stefan-hussong.de\/?page_id=9492"},"modified":"2018-02-27T23:06:14","modified_gmt":"2018-02-27T23:06:14","slug":"terms-conditions","status":"publish","type":"page","link":"https:\/\/www.stefan-hussong.de\/wordpress\/terms-conditions\/","title":{"rendered":"terms-conditions"},"content":{"rendered":"<p>Gesch\u00e4ftsbedingungen (english version below)<br \/>\nLetzte Aktualisierung: February 25, 2018<\/p>\n<p>Diese Allgemeinen Gesch\u00e4ftsbedingungen ( &#8220;AGB&#8221;, &#8220;Gesch\u00e4ftsbedingungen&#8221;) regeln Ihre Beziehung zur Website und den Angeboten von localhost (der &#8220;Service&#8221;), die von Stefan Hussong (&#8220;uns&#8221;, &#8220;wir&#8221; oder &#8220;unsere&#8221;) betrieben wird. Bitte lesen Sie diese Gesch\u00e4ftsbedingungen sorgf\u00e4ltig durch, bevor Sie den Service in Anspruch nehmen.<br \/>\nIhr Zugang zu und die Nutzung des Dienstes setzen Ihre Annahme und die Einhaltung dieser Bedingungen voraus. Diese Bedingungen gelten f\u00fcr alle<br \/>\nBesucher, Nutzer und andere Personen, die den Service nutzen oder auf ihn zugreifen.<br \/>\nDurch den Zugriff auf oder die Nutzung des Dienstes erkl\u00e4ren Sie sich einverstanden, an diese Bedingungen gebunden zu sein. Wenn Sie mit einem Teil<br \/>\nder Bedingungen nicht einverstanden sind, d\u00fcrfen Sie nicht auf den Service zugreifen.<\/p>\n<p>Eink\u00e4ufe<br \/>\nWenn Sie ein Produkt oder eine Dienstleistung erwerben m\u00f6chten, die \u00fcber den Service ( &#8220;Purchase&#8221;) zur Verf\u00fcgung gestellt wird, werden Sie m\u00f6glicherweise aufgefordert, bestimmte f\u00fcr Ihren Einkauf relevante Informationen anzugeben, einschlie\u00dflich der Kreditkartennummer, des G\u00fcltigkeitsdatums Ihrer Kreditkarte, Ihre Rechnungsadresse und Ihre Versandinformationen.<br \/>\nSie erkl\u00e4ren und garantieren, dass (i) Sie das Recht haben, eine beliebige Kreditkarte (n) oder andere Zahlungsmethode (n) im Zusammenhang mit einem Kauf zu verwenden; und dass (ii) die Informationen, die Sie uns zur Verf\u00fcgung stellen, wahr, richtig und vollst\u00e4ndig sind.<br \/>\nMit der \u00dcbermittlung dieser Informationen gew\u00e4hren Sie uns das Recht, die Informationen an Dritte weiterzugeben, um die Kaufabwicklung zu erleichtern.<\/p>\n<p>Verf\u00fcgbarkeit, Fehler und Ungenauigkeiten<br \/>\nWir aktualisieren st\u00e4ndig unser Angebot an Produkten und Dienstleistungen im Service. Die Produkte oder Dienstleistungen, die auf unserem Service verf\u00fcgbar sind, k\u00f6nnen mit einem falschen Preis ausgezeichnet, unzutreffend beschrieben oder nicht verf\u00fcgbar sein, und es kann Verz\u00f6gerungen bei der Aktualisierung von Informationen \u00fcber den Service und in unserer Werbung auf anderen Websites geben.<br \/>\nWir k\u00f6nnen und werden nicht die Richtigkeit und Vollst\u00e4ndigkeit der Informationen garantieren, einschlie\u00dflich Preise, Produktbilder, Spezifikationen, Verf\u00fcgbarkeit und Dienstleistungen. Wir behalten uns das Recht vor, \u00c4nderungen oder Aktualisierungen vorzunehmen und Fehler, Ungenauigkeiten oder fehlende Informationen jederzeit ohne vorherige Ank\u00fcndigung zu korrigieren.<\/p>\n<p>Links zu anderen Webseiten<br \/>\nUnser Service kann Links zu Websites von Drittanbietern oder Diensten enthalten, die nicht Eigentum von localhost sind.<br \/>\nlocalhost hat keine Kontrolle dar\u00fcber und \u00fcbernimmt keinerlei Verantwortung f\u00fcr den Inhalt, die Datenschutzbestimmungen oder Praktiken von Webseiten oder Diensten Dritter. Sie erkl\u00e4ren sich ferner damit einverstanden, dass localhost weder direkt noch indirekt f\u00fcr irgendwelche Sch\u00e4den oder Verluste verantwortlich oder haftbar ist, die durch oder im Zusammenhang mit der Nutzung oder dem Vertrauen auf solche Inhalte, Waren oder Dienstleistungen auf oder durch solche Webseiten oder Dienste verursacht wurden.<br \/>\nWir empfehlen Ihnen dringend, die Nutzungsbedingungen und Datenschutzrichtlinien von Drittanbieter-Websites oder Diensten, die Sie besuchen, zu lesen.<\/p>\n<p>Geltendes Recht<br \/>\nDiese Bedingungen richten sich nach den Gesetzen in Bayern, Deutschland, ohne Ber\u00fccksichtigung von Kollisionsnormen.<br \/>\nUnsere Nichteinforderung eines Rechts oder einer Bestimmung dieser Bedingungen wird nicht als Verzicht auf diese Rechte angesehen. Sollte eine Bestimmung dieser Bedingungen von einem Gericht als ung\u00fcltig oder undurchf\u00fchrbar angesehen werden, so bleiben die \u00fcbrigen Bestimmungen dieser Bedingungen wirksam. Diese Bedingungen bilden die gesamte Vereinbarung zwischen uns \u00fcber unseren Service und ersetzen alle fr\u00fcheren Vereinbarungen, die eventuell zwischen uns bez\u00fcglich des Service bestehen k\u00f6nnten.<\/p>\n<p>\u00c4nderungen<br \/>\nWir behalten uns das Recht vor, diese Bedingungen nach eigenem Ermessen jederzeit zu \u00e4ndern oder zu ersetzen. Wenn eine \u00dcberarbeitung \/ \u00c4nderung wesentlich ist, werden wir angemessene Anstrengungen unternehmen, um die \u00c4nderung mit einer Frist von mindestens 30 Tagen vor dem Wirksamwerden neuer<br \/>\nBestimmungen anzuk\u00fcndigen. Was eine wesentliche \u00c4nderung darstellt, wird nach unserem eigenen Ermessen bestimmt.<br \/>\nWenn Sie unseren Service weiterhin nutzen oder nutzen, nachdem diese \u00c4nderungen wirksam geworden sind, erkl\u00e4ren Sie sich damit einverstanden, an<br \/>\ndie \u00fcberarbeiteten Bestimmungen gebunden zu sein. Wenn Sie mit den neuen Bestimmungen nicht ganz oder teilweise nicht einverstanden sind, beenden Sie bitte die Nutzung der Webseite und des Service.<\/p>\n<p>Kontakt<br \/>\nFalls Sie Fragen zu diesen Bedingungen haben, kontaktieren Sie uns bitte.<\/p>\n<p>&nbsp;<\/p>\n<p>Terms and Conditions (deutsche Version siehe oben)<br \/>\nLast updated: February 25, 2018<\/p>\n<p>These Terms and Conditions (&#8220;Terms&#8221;, &#8220;Terms and Conditions&#8221;) govern your relationship with https:\/\/www.stefan-hussong.de website (the &#8220;Service&#8221;) operated by Stefan Hussong (&#8220;us&#8221;, &#8220;we&#8221;, or &#8220;our&#8221;).<br \/>\nPlease read these Terms and Conditions carefully before using the Service.<br \/>\nYour access to and use of the Service is conditioned on your acceptance of and compliance with these Terms. These Terms apply to all visitors, users and others who access or use the Service.<br \/>\nBy accessing or using the Service you agree to be bound by these Terms. If you disagree with any part of the terms then you may not access the Service.<\/p>\n<p>Purchases<br \/>\nIf you wish to purchase any product or service made available through the Service (&#8220;Purchase&#8221;), you may be asked to supply certain information relevant to your Purchase including, without limitation, your credit card number, the expiration date of your credit card, your billing address, and your shipping information.<br \/>\nYou represent and warrant that: (i) you have the legal right to use any credit card(s) or other payment method(s) in connection with any Purchase; and that (ii) the information you supply to us is true, correct and complete.<br \/>\nBy submitting such information, you grant us the right to provide the information to third parties for purposes of facilitating the completion of<br \/>\nPurchases.<\/p>\n<p>Availability, Errors and Inaccuracies<br \/>\nWe are constantly updating our offerings of products and services on the Service. The products or services available on our Service may be mispriced,<br \/>\ndescribed inaccurately, or unavailable, and we may experience delays in updating information on the Service and in our advertising on other web sites.<br \/>\nWe cannot and do not guarantee the accuracy or completeness of any information, including prices, product images, specifications, availability,<br \/>\nand services. We reserve the right to change or update information and to correct errors, inaccuracies, or omissions at any time without prior notice.<\/p>\n<p>Links To Other Web Sites<br \/>\nOur Service may contain links to third-party web sites or services that are not owned or controlled by localhost.<br \/>\nlocalhost has no control over, and assumes no responsibility for, the content, privacy policies, or practices of any third party web sites or services. You further acknowledge and agree that localhost shall not be responsible or liable, directly or indirectly, for any damage or loss caused or alleged to be caused by or in connection with use of or reliance on any such content, goods or services available on or through any such web sites or services.<br \/>\nWe strongly advise you to read the terms and conditions and privacy policies of any third-party web sites or services that you visit.<\/p>\n<p>Governing Law<br \/>\nThese Terms shall be governed and construed in accordance with the laws of Bavaria, Germany, without regard to its conflict of law provisions.<br \/>\nOur failure to enforce any right or provision of these Terms will not be considered a waiver of those rights. If any provision of these Terms is held<br \/>\nto be invalid or unenforceable by a court, the remaining provisions of these Terms will remain in effect. These Terms constitute the entire agreement between us regarding our Service, and supersede and replace any prior agreements we might have between us regarding the Service.<\/p>\n<p>Changes<br \/>\nWe reserve the right, at our sole discretion, to modify or replace these Terms at any time. If a revision is material we will try to provide at least 30 days notice prior to any new terms taking effect. What constitutes a material change will be determined at our sole discretion.<br \/>\nBy continuing to access or use our Service after those revisions become effective, you agree to be bound by the revised terms. If you do not agree to<br \/>\nthe new terms, please stop using the Service.<\/p>\n<p>Contact Us<br \/>\nIf you have any questions about these Terms, please contact us.<\/p>\n","protected":false},"excerpt":{"rendered":"<p>Gesch\u00e4ftsbedingungen (english version below) Letzte Aktualisierung: February 25, 2018 Diese Allgemeinen Gesch\u00e4ftsbedingungen ( &#8220;AGB&#8221;, &#8220;Gesch\u00e4ftsbedingungen&#8221;) regeln Ihre Beziehung zur Website&#8230;<\/p>\n","protected":false},"author":1,"featured_media":0,"parent":0,"menu_order":0,"comment_status":"closed","ping_status":"closed","template":"","meta":{"footnotes":""},"class_list":["post-9492","page","type-page","status-publish","hentry"],"_links":{"self":[{"href":"https:\/\/www.stefan-hussong.de\/wordpress\/wp-json\/wp\/v2\/pages\/9492","targetHints":{"allow":["GET"]}}],"collection":[{"href":"https:\/\/www.stefan-hussong.de\/wordpress\/wp-json\/wp\/v2\/pages"}],"about":[{"href":"https:\/\/www.stefan-hussong.de\/wordpress\/wp-json\/wp\/v2\/types\/page"}],"author":[{"embeddable":true,"href":"https:\/\/www.stefan-hussong.de\/wordpress\/wp-json\/wp\/v2\/users\/1"}],"replies":[{"embeddable":true,"href":"https:\/\/www.stefan-hussong.de\/wordpress\/wp-json\/wp\/v2\/comments?post=9492"}],"version-history":[{"count":0,"href":"https:\/\/www.stefan-hussong.de\/wordpress\/wp-json\/wp\/v2\/pages\/9492\/revisions"}],"wp:attachment":[{"href":"https:\/\/www.stefan-hussong.de\/wordpress\/wp-json\/wp\/v2\/media?parent=9492"}],"curies":[{"name":"wp","href":"https:\/\/api.w.org\/{rel}","templated":true}]}}