{"id":9486,"date":"2018-02-27T21:46:55","date_gmt":"2018-02-27T21:46:55","guid":{"rendered":"https:\/\/www.stefan-hussong.de\/?page_id=9486"},"modified":"2018-03-29T18:00:14","modified_gmt":"2018-03-29T18:00:14","slug":"impressum-discl-datapriv","status":"publish","type":"page","link":"https:\/\/www.stefan-hussong.de\/wordpress\/impressum-discl-datapriv\/","title":{"rendered":"impressum-discl-datapriv"},"content":{"rendered":"<p>[vc_row][vc_column css=&#8221;.vc_custom_1522346260255{margin-bottom: 15px !important;}&#8221;][vc_column_text]<\/p>\n<h3>Impressum\/Disclaimer\/Data Privacy<\/h3>\n<p>Stefan Hussong<br \/>\nSimon-Breu-Stra\u00dfe 18<br \/>\n97074 W\u00fcrzburg<\/p>\n<p>Telefon: +491735354688<br \/>\nE-Mail:\u00a0<a href=\"mailto:info@stefan-hussong.de\">info@stefan-hussong.de<\/a>[\/vc_column_text][\/vc_column][\/vc_row][vc_row][vc_column width=&#8221;1\/6&#8243;][vc_column_text]<strong>Copyright images:<\/strong>[\/vc_column_text][\/vc_column][vc_column width=&#8221;5\/6&#8243; css=&#8221;.vc_custom_1522346394150{margin-top: -15px !important;}&#8221;][vc_column_text]<\/p>\n<ul>\n<li>Hiroshi Hato<\/li>\n<li>Andreas Jung<\/li>\n<li>Thomas Listl<\/li>\n<li>Armin Fuchs<\/li>\n<li>Roberto Brazzale<\/li>\n<\/ul>\n<p>[\/vc_column_text][\/vc_column][\/vc_row][vc_row][vc_column css=&#8221;.vc_custom_1522346410516{margin-top: 15px !important;}&#8221;][vc_column_text]<\/p>\n<h3><strong style=\"color: #555555; font-size: 15px;\">Disclaimer \u2013 rechtliche Hinweise<\/strong><\/h3>\n<p>\u00a7 1 Warnhinweis zu Inhalten<br \/>\nDie kostenlosen und frei zug\u00e4nglichen Inhalte dieser Webseite wurden mit gr\u00f6\u00dftm\u00f6glicher Sorgfalt erstellt. Der Anbieter dieser Webseite \u00fcbernimmt jedoch keine Gew\u00e4hr f\u00fcr die Richtigkeit und Aktualit\u00e4t der bereitgestellten kostenlosen und frei zug\u00e4nglichen journalistischen Ratgeber und Nachrichten. Namentlich gekennzeichnete Beitr\u00e4ge geben die Meinung des jeweiligen Autors und nicht immer die Meinung des Anbieters wieder. Allein durch den Aufruf der kostenlosen und frei zug\u00e4nglichen Inhalte kommt keinerlei Vertragsverh\u00e4ltnis zwischen dem Nutzer und dem Anbieter zustande, insoweit fehlt es am Rechtsbindungswillen des Anbieters.<\/p>\n<p>\u00a7 2 Externe Links<br \/>\nDiese Website enth\u00e4lt Verkn\u00fcpfungen zu Websites Dritter (&#8220;externe Links&#8221;). Diese Websites unterliegen der Haftung der jeweiligen Betreiber. Der Anbieter hat bei der erstmaligen Verkn\u00fcpfung der externen Links die fremden Inhalte daraufhin \u00fcberpr\u00fcft, ob etwaige Rechtsverst\u00f6\u00dfe bestehen. Zu dem Zeitpunkt waren keine Rechtsverst\u00f6\u00dfe ersichtlich. Der Anbieter hat keinerlei Einfluss auf die aktuelle und zuk\u00fcnftige Gestaltung und auf die Inhalte der verkn\u00fcpften Seiten. Das Setzen von externen Links bedeutet nicht, dass sich der Anbieter die hinter dem Verweis oder Link liegenden Inhalte zu Eigen macht. Eine st\u00e4ndige Kontrolle der externen Links ist f\u00fcr den Anbieter ohne konkrete Hinweise auf Rechtsverst\u00f6\u00dfe nicht zumutbar. Bei Kenntnis von Rechtsverst\u00f6\u00dfen werden jedoch derartige externe Links unverz\u00fcglich gel\u00f6scht.<\/p>\n<p>\u00a7 3 Urheber- und Leistungsschutzrechte<br \/>\nDie auf dieser Website ver\u00f6ffentlichten Inhalte unterliegen dem deutschen Urheber- und Leistungsschutzrecht. Jede vom deutschen Urheber- und Leistungsschutzrecht nicht zugelassene Verwertung bedarf der vorherigen schriftlichen Zustimmung des Anbieters oder jeweiligen Rechteinhabers. Dies gilt insbesondere f\u00fcr Vervielf\u00e4ltigung, Bearbeitung, \u00dcbersetzung, Einspeicherung, Verarbeitung bzw. Wiedergabe von Inhalten in Datenbanken oder anderen elektronischen Medien und Systemen. Inhalte und Rechte Dritter sind dabei als solche gekennzeichnet. Die unerlaubte Vervielf\u00e4ltigung oder Weitergabe einzelner Inhalte oder kompletter Seiten ist nicht gestattet und strafbar. Lediglich die Herstellung von Kopien und Downloads f\u00fcr den pers\u00f6nlichen, privaten und nicht kommerziellen Gebrauch ist erlaubt.<\/p>\n<p>Die Darstellung dieser Website in fremden Frames ist nur mit schriftlicher Erlaubnis zul\u00e4ssig.<\/p>\n<p>\u00a7 4 Besondere Nutzungsbedingungen<br \/>\nSoweit besondere Bedingungen f\u00fcr einzelne Nutzungen dieser Website von den vorgenannten Paragraphen abweichen, wird an entsprechender Stelle ausdr\u00fccklich darauf hingewiesen. In diesem Falle gelten im jeweiligen Einzelfall die besonderen Nutzungsbedingungen.<\/p>\n<p><strong>Datenschutz<\/strong><\/p>\n<p>Nachfolgend m\u00f6chten wir Sie \u00fcber unsere Datenschutzerkl\u00e4rung informieren. Sie finden hier Informationen \u00fcber die Erhebung und Verwendung pers\u00f6nlicher Daten bei der Nutzung unserer Webseite. Wir beachten dabei das f\u00fcr Deutschland geltende Datenschutzrecht. Sie k\u00f6nnen diese Erkl\u00e4rung jederzeit auf unserer Webseite abrufen.<\/p>\n<p>Wir weisen ausdr\u00fccklich darauf hin, dass die Daten\u00fcbertragung im Internet (z.B. bei der Kommunikation per E-Mail) Sicherheitsl\u00fccken aufweisen und nicht l\u00fcckenlos vor dem Zugriff durch Dritte gesch\u00fctzt werden kann.<\/p>\n<p>Die Verwendung der Kontaktdaten unseres Impressums zur gewerblichen Werbung ist ausdr\u00fccklich nicht erw\u00fcnscht, es sei denn wir hatten zuvor unsere schriftliche Einwilligung erteilt oder es besteht bereits eine Gesch\u00e4ftsbeziehung. Der Anbieter und alle auf dieser Website genannten Personen widersprechen hiermit jeder kommerziellen Verwendung und Weitergabe ihrer Daten.<\/p>\n<p>Personenbezogene Daten<br \/>\nSie k\u00f6nnen unsere Webseite ohne Angabe personenbezogener Daten besuchen. Soweit auf unseren Seiten personenbezogene Daten (wie Name, Anschrift oder E-Mail Adresse) erhoben werden, erfolgt dies, soweit m\u00f6glich, auf freiwilliger Basis. Diese Daten werden ohne Ihre ausdr\u00fcckliche Zustimmung nicht an Dritte weitergegeben. Sofern zwischen Ihnen und uns ein Vertragsverh\u00e4ltnis begr\u00fcndet, inhaltlich ausgestaltet oder ge\u00e4ndert werden soll oder Sie an uns eine Anfrage stellen, erheben und verwenden wir personenbezogene Daten von Ihnen, soweit dies zu diesen Zwecken erforderlich ist (Bestandsdaten). Wir erheben, verarbeiten und nutzen personenbezogene Daten soweit dies erforderlich ist, um Ihnen die Inanspruchnahme des Webangebots zu erm\u00f6glichen (Nutzungsdaten). S\u00e4mtliche personenbezogenen Daten werden nur solange gespeichert wie dies f\u00fcr den genannten Zweck (Bearbeitung Ihrer Anfrage oder Abwicklung eines Vertrags) erforderlich ist. Hierbei werden steuer- und handelsrechtliche Aufbewahrungsfristen ber\u00fccksichtigt. Auf Anordnung der zust\u00e4ndigen Stellen d\u00fcrfen wir im Einzelfall Auskunft \u00fcber diese Daten (Bestandsdaten) erteilen, soweit dies f\u00fcr Zwecke der Strafverfolgung, zur Gefahrenabwehr, zur Erf\u00fcllung der gesetzlichen Aufgaben der Verfassungsschutzbeh\u00f6rden oder des Milit\u00e4rischen Abschirmdienstes oder zur Durchsetzung der Rechte am geistigen Eigentum erforderlich ist.<\/p>\n<p>Auskunftsrecht<br \/>\nSie haben das jederzeitige Recht, sich unentgeltlich und unverz\u00fcglich \u00fcber die zu Ihrer Person erhobenen Daten zu erkundigen. Sie haben das jederzeitige Recht, Ihre Zustimmung zur Verwendung Ihrer angegeben pers\u00f6nlichen Daten mit Wirkung f\u00fcr die Zukunft zu widerrufen. Zur Auskunftserteilung wenden Sie sich bitte an den Anbieter unter den Kontaktdaten im Impressum.<\/p>\n<p>Datenschutzerkl\u00e4rung f\u00fcr Google Maps von Google Inc.<br \/>\nDiese Website verwendet die \u201eGoogle Maps und Routenplaner\u201c- Funktion der Google Inc., 1600 Amphitheatre Parkway, Mountain View, CA 94043, United States (\u201eGoogle\u201c), um geographische Informationen und Anfahrtrouten darzustellen bzw. zu berechnen. Durch Google Maps k\u00f6nnen Daten \u00fcber Ihre Nutzung dieser Webseite an Google \u00fcbertragen, erhoben und von Google genutzt werden. Sie k\u00f6nnen eine solche Daten\u00fcbertragung verhindern, wenn Sie in Ihrem Browser \u201eJavascript\u201c deaktivieren. In dem Falle k\u00f6nnen aber keine Karten angezeigt werden. Durch die Nutzung dieser Webseite und die Nichtdeaktivierung von \u201eJavascript\u201c erkl\u00e4ren Sie Ihr Einverst\u00e4ndnis, dass Sie mit der Bearbeitung Ihrer Daten durch Google zum obigen Zwecke einverstanden sind. Weitere Informationen dar\u00fcber wie \u201eGoogle Maps\u201c und der Routenplaner Ihre Daten verwenden sowie die Datenschutzerkl\u00e4rung von Google finden Sie unter: https:\/\/www.google.com\/intl\/de_de\/help\/terms_maps.html<\/p>\n<p>Google Fonts<br \/>\nDiese Website bindet externe Schriften von Google Fonts ein. Google Fonts ist ein Dienst der Firma Google Inc. (USA). Die Einbindung der Schriften erfolgt durch einen Serveraufruf bei Google in den USA, wobei davon auszugehen ist, dass Anfragen durch Google gespeichert werden.<br \/>\nN\u00e4here Informationen dazu k\u00f6nnen Sie dem Google Fonts FAQ unter https:\/\/developers.google.com\/fonts\/faq#what-does-using-the-google-fonts-api-mean-for-the-privacy-of-my-users bzw. den Google Datenschutzhinweisen unter https:\/\/www.google.de\/intl\/de\/policies\/ entnehmen.<\/p>\n<p>Zahlungsart: Datenschutzbestimmungen zu PayPal als Zahlungsart<br \/>\nDer f\u00fcr die Verarbeitung Verantwortliche hat auf dieser Internetseite Komponenten von PayPal integriert. PayPal ist ein Online-Zahlungsdienstleister. Zahlungen werden \u00fcber sogenannte PayPal-Konten abgewickelt, die virtuelle Privat- oder Gesch\u00e4ftskonten darstellen. Zudem besteht bei PayPal die M\u00f6glichkeit, virtuelle Zahlungen \u00fcber Kreditkarten abzuwickeln, wenn ein Nutzer kein PayPal-Konto unterh\u00e4lt. Ein PayPal-Konto wird \u00fcber eine E-Mail-Adresse gef\u00fchrt, weshalb es keine klassische Kontonummer gibt.\u00a0PayPal erm\u00f6glicht es, Online-Zahlungen an Dritte auszul\u00f6sen oder auch Zahlungen zu empfangen. PayPal \u00fcbernimmt ferner Treuh\u00e4nderfunktionen und bietet\u00a0K\u00e4uferschutzdienste an.<br \/>\nDie Europ\u00e4ische Betreibergesellschaft von PayPal ist die PayPal (Europe) S.\u00e0.r.l. &amp; Cie. S.C.A., 22-24 Boulevard Royal, 2449 Luxembourg, Luxemburg.<br \/>\nW\u00e4hlt die betroffene Person w\u00e4hrend des Bestellvorgangs in unserem Online-Shop als Zahlungsm\u00f6glichkeit \u201ePayPal\u201c aus, werden automatisiert Daten der betroffenen Person an PayPal \u00fcbermittelt. Mit der Auswahl dieser Zahlungsoption willigt die betroffene Person in die zur Zahlungsabwicklung erforderliche \u00dcbermittlung personenbezogener Daten ein.<br \/>\nBei den an PayPal \u00fcbermittelten personenbezogenen Daten handelt es sich in der Regel um Vorname, Nachname, Adresse, Email-Adresse, IP-Adresse, Telefonnummer, Mobiltelefonnummer oder andere Daten, die zur Zahlungsabwicklung notwendig sind. Zur Abwicklung des Kaufvertrages notwendig sind auch solche personenbezogenen Daten, die im Zusammenhang mit der jeweiligen Bestellung stehen.\u00a0Die \u00dcbermittlung der Daten bezweckt die Zahlungsabwicklung und die Betrugspr\u00e4vention. Der f\u00fcr die Verarbeitung Verantwortliche wird PayPal personenbezogene Daten insbesondere dann \u00fcbermitteln, wenn ein berechtigtes Interesse f\u00fcr die \u00dcbermittlung gegeben ist. Die zwischen PayPal und dem f\u00fcr die Verarbeitung Verantwortlichen ausgetauschten personenbezogenen Daten werden von PayPal unter Umst\u00e4nden an Wirtschaftsauskunfteien \u00fcbermittelt. Diese \u00dcbermittlung bezweckt die Identit\u00e4ts- und Bonit\u00e4tspr\u00fcfung.\u00a0PayPal gibt die personenbezogenen Daten gegebenenfalls an verbundene Unternehmen und Leistungserbringer oder Subunternehmer weiter, soweit dies zur Erf\u00fcllung der vertraglichen Verpflichtungen erforderlich ist oder die Daten im Auftrag verarbeitet werden sollen.<br \/>\nDie betroffene Person hat die M\u00f6glichkeit, die Einwilligung zum Umgang mit personenbezogenen Daten jederzeit gegen\u00fcber PayPal zu widerrufen. Ein Widerruf wirkt sich nicht auf personenbezogene Daten aus, die zwingend zur (vertragsgem\u00e4\u00dfen) Zahlungsabwicklung verarbeitet, genutzt oder \u00fcbermittelt werden m\u00fcssen. Die geltenden Datenschutzbestimmungen von PayPal k\u00f6nnen unter https:\/\/www.paypal.com\/de\/webapps\/mpp\/ua\/privacy-full abgerufen werden.<\/p>\n<p>Hinweis gem\u00e4\u00df Online-Streitbeilegungs-Verordnung<br \/>\nNach geltendem Recht sind wir verpflichtet, Verbraucher auf die Existenz der Europ\u00e4ischen Online-Streitbeilegungs-Plattform hinzuweisen, die f\u00fcr die Beilegung von Streitigkeiten genutzt werden kann, ohne dass ein Gericht eingeschaltet werden muss. F\u00fcr die Einrichtung der Plattform ist die Europ\u00e4ische Kommission zust\u00e4ndig. Die Europ\u00e4ische Online-Streitbeilegungs-Plattform ist hier zu finden: http:\/\/ec.europa.eu\/odr. Unsere E-Mail lautet: info@stefan-hussong.de.<\/p>\n<p>Wir weisen aber darauf hin, dass wir nicht bereit sind, uns am Streitbeilegungsverfahren im Rahmen der Europ\u00e4ischen Online-Streitbeilegungs-Plattform zu beteiligen. Nutzen Sie zur Kontaktaufnahme bitte unsere obige E-Mail und Telefonnummer.[\/vc_column_text][\/vc_column][\/vc_row]<\/p>\n","protected":false},"excerpt":{"rendered":"<p>[vc_row][vc_column css=&#8221;.vc_custom_1522346260255{margin-bottom: 15px !important;}&#8221;][vc_column_text] Impressum\/Disclaimer\/Data Privacy Stefan Hussong Simon-Breu-Stra\u00dfe 18 97074 W\u00fcrzburg Telefon: +491735354688 E-Mail:\u00a0info@stefan-hussong.de[\/vc_column_text][\/vc_column][\/vc_row][vc_row][vc_column width=&#8221;1\/6&#8243;][vc_column_text]Copyright images:[\/vc_column_text][\/vc_column][vc_column width=&#8221;5\/6&#8243; css=&#8221;.vc_custom_1522346394150{margin-top: -15px&#8230;<\/p>\n","protected":false},"author":1,"featured_media":0,"parent":0,"menu_order":0,"comment_status":"closed","ping_status":"closed","template":"full-width.php","meta":{"footnotes":""},"class_list":["post-9486","page","type-page","status-publish","hentry"],"_links":{"self":[{"href":"https:\/\/www.stefan-hussong.de\/wordpress\/wp-json\/wp\/v2\/pages\/9486","targetHints":{"allow":["GET"]}}],"collection":[{"href":"https:\/\/www.stefan-hussong.de\/wordpress\/wp-json\/wp\/v2\/pages"}],"about":[{"href":"https:\/\/www.stefan-hussong.de\/wordpress\/wp-json\/wp\/v2\/types\/page"}],"author":[{"embeddable":true,"href":"https:\/\/www.stefan-hussong.de\/wordpress\/wp-json\/wp\/v2\/users\/1"}],"replies":[{"embeddable":true,"href":"https:\/\/www.stefan-hussong.de\/wordpress\/wp-json\/wp\/v2\/comments?post=9486"}],"version-history":[{"count":0,"href":"https:\/\/www.stefan-hussong.de\/wordpress\/wp-json\/wp\/v2\/pages\/9486\/revisions"}],"wp:attachment":[{"href":"https:\/\/www.stefan-hussong.de\/wordpress\/wp-json\/wp\/v2\/media?parent=9486"}],"curies":[{"name":"wp","href":"https:\/\/api.w.org\/{rel}","templated":true}]}}