{"id":8590,"date":"2018-01-17T10:29:34","date_gmt":"2018-01-17T10:29:34","guid":{"rendered":"https:\/\/www.stefan-hussong.de\/?page_id=8590"},"modified":"2024-11-24T15:38:47","modified_gmt":"2024-11-24T15:38:47","slug":"reviews","status":"publish","type":"page","link":"https:\/\/www.stefan-hussong.de\/wordpress\/reviews\/","title":{"rendered":"reviews"},"content":{"rendered":"<p>[vc_row][vc_column]<div class=\"qodef-blog-list-holder qodef-boxes qodef-two-columns qodef-holder-with-padding qodef-holder-with-shadow qodef-holder-with-padding\" data-next-page= \"2\" data-order-by= \"date\" data-order= \"DESC\" data-title-tag= \"h4\" data-box-shadow= \"yes\" data-bg-color= \"rgba(200,200,200,0.5)\" data-load-more-skin= \"dark\" data-text-length= \"200\" data-category= \"review\" data-type= \"boxes\" data-max-num-pages = 2>\n\t<ul class=\"qodef-blog-list\">\n\t<li class=\"qodef-blog-list-item clearfix\">\n\t<div class=\"qodef-blog-list-item-inner\">\n\t\t<div class=\"qodef-item-image\">\n\t\t\t<a href=\"https:\/\/www.stefan-hussong.de\/wordpress\/2021\/03\/17\/imaginary-landscape-stefan-hussong-rumi-ogawa-yumiko-meguri\/\">\n\t\t\t\t\t\t\t\t\n\t\t\t<\/a>\n\t\t<\/div>\n\t\t<div class=\"qodef-item-text-holder\" style=\"background-color:rgba(200,200,200,0.5)\">\n\t\t\t<div class=\"qodef-item-info-section\" >\n\t\t\t\t<div class=\"qodef-post-info-date\">March 17, 2021<\/div>\t\t\t<\/div>\n\n\t\t\t<h4 class=\"qodef-item-title\" >\n\t\t\t\t<a href=\"https:\/\/www.stefan-hussong.de\/wordpress\/2021\/03\/17\/imaginary-landscape-stefan-hussong-rumi-ogawa-yumiko-meguri\/\" >\n\t\t\t\t\timaginary landscape &#8211; theWholeNote\t\t\t\t<\/a>\n\t\t\t<\/h4>\n\n\t\t\t\t\t\t\t<p class=\"qodef-excerpt\" >Imaginary Landscape &#8211; Stefan Hussong; Rumi Ogawa; Yumiko MeguriThorofon &#8211; CTH2664 The illustrious German accordionist Stefan Hussong\u2019s audio catalogue was....<\/p>\n\t\t\t\t\t<\/div>\n\t<\/div>\t\n<\/li><li class=\"qodef-blog-list-item clearfix\">\n\t<div class=\"qodef-blog-list-item-inner\">\n\t\t<div class=\"qodef-item-image\">\n\t\t\t<a href=\"https:\/\/www.stefan-hussong.de\/wordpress\/2020\/10\/29\/imaginary-landscapes\/\">\n\t\t\t\t\t\t\t\t\n\t\t\t<\/a>\n\t\t<\/div>\n\t\t<div class=\"qodef-item-text-holder\" style=\"background-color:rgba(200,200,200,0.5)\">\n\t\t\t<div class=\"qodef-item-info-section\" >\n\t\t\t\t<div class=\"qodef-post-info-date\">October 29, 2020<\/div>\t\t\t<\/div>\n\n\t\t\t<h4 class=\"qodef-item-title\" >\n\t\t\t\t<a href=\"https:\/\/www.stefan-hussong.de\/wordpress\/2020\/10\/29\/imaginary-landscapes\/\" >\n\t\t\t\t\timaginary landscapes &#8211; klassik heute\t\t\t\t<\/a>\n\t\t\t<\/h4>\n\n\t\t\t\t\t\t\t<p class=\"qodef-excerpt\" >Stefan Hussong plays works by Lindberg, Mendoza, Smolka, Lee, Kim and Eagle Zugegeben, leichte Kost ist diese CD nicht. Stefan....<\/p>\n\t\t\t\t\t<\/div>\n\t<\/div>\t\n<\/li><li class=\"qodef-blog-list-item clearfix\">\n\t<div class=\"qodef-blog-list-item-inner\">\n\t\t<div class=\"qodef-item-image\">\n\t\t\t<a href=\"https:\/\/www.stefan-hussong.de\/wordpress\/2018\/07\/22\/festival-davignon-emanuel-gat-dance-ensemble-modern\/\">\n\t\t\t\t\t\t\t\t\n\t\t\t<\/a>\n\t\t<\/div>\n\t\t<div class=\"qodef-item-text-holder\" style=\"background-color:rgba(200,200,200,0.5)\">\n\t\t\t<div class=\"qodef-item-info-section\" >\n\t\t\t\t<div class=\"qodef-post-info-date\">July 22, 2018<\/div>\t\t\t<\/div>\n\n\t\t\t<h4 class=\"qodef-item-title\" >\n\t\t\t\t<a href=\"https:\/\/www.stefan-hussong.de\/wordpress\/2018\/07\/22\/festival-davignon-emanuel-gat-dance-ensemble-modern\/\" >\n\t\t\t\t\tfestival d&#8217;avignon &#8211; Emanuel Gat Dance &#038; Ensemble Modern\t\t\t\t<\/a>\n\t\t\t<\/h4>\n\n\t\t\t\t\t\t\t<p class=\"qodef-excerpt\" >An unprecedented dialogue between dazzling dancers and one of the greatest modern music ensembles. A story is like water You....<\/p>\n\t\t\t\t\t<\/div>\n\t<\/div>\t\n<\/li><li class=\"qodef-blog-list-item clearfix\">\n\t<div class=\"qodef-blog-list-item-inner\">\n\t\t<div class=\"qodef-item-image\">\n\t\t\t<a href=\"https:\/\/www.stefan-hussong.de\/wordpress\/2018\/07\/02\/renommierte-kunstler-beeindrucken-bei-pro-arte-an-akkordeon-cello-und-klavier\/\">\n\t\t\t\t\t\t\t\t\n\t\t\t<\/a>\n\t\t<\/div>\n\t\t<div class=\"qodef-item-text-holder\" style=\"background-color:rgba(200,200,200,0.5)\">\n\t\t\t<div class=\"qodef-item-info-section\" >\n\t\t\t\t<div class=\"qodef-post-info-date\">July 2, 2018<\/div>\t\t\t<\/div>\n\n\t\t\t<h4 class=\"qodef-item-title\" >\n\t\t\t\t<a href=\"https:\/\/www.stefan-hussong.de\/wordpress\/2018\/07\/02\/renommierte-kunstler-beeindrucken-bei-pro-arte-an-akkordeon-cello-und-klavier\/\" >\n\t\t\t\t\tRenommierte K\u00fcnstler beeindrucken bei pro arte an Akkordeon, Cello und Klavier\t\t\t\t<\/a>\n\t\t\t<\/h4>\n\n\t\t\t\t\t\t\t<p class=\"qodef-excerpt\" >Remchingen. Selten sind klassische Musiker mit solch ungebremst-hitzigem Temperament zu erleben wie der Akkordeonist Stefan Hussong, die Pianistin Viviane Taliberti....<\/p>\n\t\t\t\t\t<\/div>\n\t<\/div>\t\n<\/li><li class=\"qodef-blog-list-item clearfix\">\n\t<div class=\"qodef-blog-list-item-inner\">\n\t\t<div class=\"qodef-item-image\">\n\t\t\t<a href=\"https:\/\/www.stefan-hussong.de\/wordpress\/2018\/05\/25\/leverkusen-eine-ungewohnliche-instrumentenpaarung-uberzeugte-in-schloss-morsbroich\/\">\n\t\t\t\t\t\t\t\t\n\t\t\t<\/a>\n\t\t<\/div>\n\t\t<div class=\"qodef-item-text-holder\" style=\"background-color:rgba(200,200,200,0.5)\">\n\t\t\t<div class=\"qodef-item-info-section\" >\n\t\t\t\t<div class=\"qodef-post-info-date\">May 25, 2018<\/div>\t\t\t<\/div>\n\n\t\t\t<h4 class=\"qodef-item-title\" >\n\t\t\t\t<a href=\"https:\/\/www.stefan-hussong.de\/wordpress\/2018\/05\/25\/leverkusen-eine-ungewohnliche-instrumentenpaarung-uberzeugte-in-schloss-morsbroich\/\" >\n\t\t\t\t\tLeverkusen Eine ungew\u00f6hnliche Instrumentenpaarung \u00fcberzeugte in Schloss Morsbroich\t\t\t\t<\/a>\n\t\t\t<\/h4>\n\n\t\t\t\t\t\t\t<p class=\"qodef-excerpt\" >Matinee wird Gesamtkunstwerk &#8211; von Monika Klein Die Kombination der Instrumente Posaune und Akkordeon in einem Kammerkonzert ist eine nicht....<\/p>\n\t\t\t\t\t<\/div>\n\t<\/div>\t\n<\/li><li class=\"qodef-blog-list-item clearfix\">\n\t<div class=\"qodef-blog-list-item-inner\">\n\t\t<div class=\"qodef-item-image\">\n\t\t\t<a href=\"https:\/\/www.stefan-hussong.de\/wordpress\/2018\/02\/10\/von-seltenheitswert-der-akkordeonist-stefan-hussong-im-avantgarderausch\/\">\n\t\t\t\t\t\t\t\t\n\t\t\t<\/a>\n\t\t<\/div>\n\t\t<div class=\"qodef-item-text-holder\" style=\"background-color:rgba(200,200,200,0.5)\">\n\t\t\t<div class=\"qodef-item-info-section\" >\n\t\t\t\t<div class=\"qodef-post-info-date\">February 10, 2018<\/div>\t\t\t<\/div>\n\n\t\t\t<h4 class=\"qodef-item-title\" >\n\t\t\t\t<a href=\"https:\/\/www.stefan-hussong.de\/wordpress\/2018\/02\/10\/von-seltenheitswert-der-akkordeonist-stefan-hussong-im-avantgarderausch\/\" >\n\t\t\t\t\tVon Seltenheitswert: Der Akkordeonist Stefan Hussong im Avantgarderausch\t\t\t\t<\/a>\n\t\t\t<\/h4>\n\n\t\t\t\t\t\t\t<p class=\"qodef-excerpt\" >Akkordeonisten aller L\u00e4nder, vereinigt euch, in und zwischen den Schluchten von Manhattan, Madrid, Moskau, schluchzt euch das d-Moll rein der....<\/p>\n\t\t\t\t\t<\/div>\n\t<\/div>\t\n<\/li><li class=\"qodef-blog-list-item clearfix\">\n\t<div class=\"qodef-blog-list-item-inner\">\n\t\t<div class=\"qodef-item-image\">\n\t\t\t<a href=\"https:\/\/www.stefan-hussong.de\/wordpress\/2017\/04\/26\/keiko-harada-midstream\/\">\n\t\t\t\t\t\t\t\t\n\t\t\t<\/a>\n\t\t<\/div>\n\t\t<div class=\"qodef-item-text-holder\" style=\"background-color:rgba(200,200,200,0.5)\">\n\t\t\t<div class=\"qodef-item-info-section\" >\n\t\t\t\t<div class=\"qodef-post-info-date\">April 26, 2017<\/div>\t\t\t<\/div>\n\n\t\t\t<h4 class=\"qodef-item-title\" >\n\t\t\t\t<a href=\"https:\/\/www.stefan-hussong.de\/wordpress\/2017\/04\/26\/keiko-harada-midstream\/\" >\n\t\t\t\t\tkeiko harada &#8211; midstream\t\t\t\t<\/a>\n\t\t\t<\/h4>\n\n\t\t\t\t\t\t\t<p class=\"qodef-excerpt\" >Carin Levine, Fl\u00f6ten Stefan Hussong, Akkordeon Naoko Kikuchi, Koto Yumiko Meguri, Klavier J\u00fcrgen Ruck, Gitarre Mike Svoboda, Posaune WERGO WER73542....<\/p>\n\t\t\t\t\t<\/div>\n\t<\/div>\t\n<\/li><li class=\"qodef-blog-list-item clearfix\">\n\t<div class=\"qodef-blog-list-item-inner\">\n\t\t<div class=\"qodef-item-image\">\n\t\t\t<a href=\"https:\/\/www.stefan-hussong.de\/wordpress\/2017\/01\/25\/akkordeon-glanzte-durch-klangvielfalt\/\">\n\t\t\t\t\t\t\t\t\n\t\t\t<\/a>\n\t\t<\/div>\n\t\t<div class=\"qodef-item-text-holder\" style=\"background-color:rgba(200,200,200,0.5)\">\n\t\t\t<div class=\"qodef-item-info-section\" >\n\t\t\t\t<div class=\"qodef-post-info-date\">January 25, 2017<\/div>\t\t\t<\/div>\n\n\t\t\t<h4 class=\"qodef-item-title\" >\n\t\t\t\t<a href=\"https:\/\/www.stefan-hussong.de\/wordpress\/2017\/01\/25\/akkordeon-glanzte-durch-klangvielfalt\/\" >\n\t\t\t\t\tAkkordeon gl\u00e4nzte durch Klangvielfalt\t\t\t\t<\/a>\n\t\t\t<\/h4>\n\n\t\t\t\t\t\t\t<p class=\"qodef-excerpt\" >Wer das Akkordeon als volkst\u00fcmliches Instrument, beheimatet bei Seniorennachmittagen und Wirtshaussingen, einstuft, wurde im Sch\u00fcttbau eines Besseren belehrt. Mainpost Regional,....<\/p>\n\t\t\t\t\t<\/div>\n\t<\/div>\t\n<\/li><li class=\"qodef-blog-list-item clearfix\">\n\t<div class=\"qodef-blog-list-item-inner\">\n\t\t<div class=\"qodef-item-image\">\n\t\t\t<a href=\"https:\/\/www.stefan-hussong.de\/wordpress\/2016\/04\/05\/das-grosse-mysterium-als-quelle-der-kreativitat\/\">\n\t\t\t\t\t\t\t\t\n\t\t\t<\/a>\n\t\t<\/div>\n\t\t<div class=\"qodef-item-text-holder\" style=\"background-color:rgba(200,200,200,0.5)\">\n\t\t\t<div class=\"qodef-item-info-section\" >\n\t\t\t\t<div class=\"qodef-post-info-date\">April 5, 2016<\/div>\t\t\t<\/div>\n\n\t\t\t<h4 class=\"qodef-item-title\" >\n\t\t\t\t<a href=\"https:\/\/www.stefan-hussong.de\/wordpress\/2016\/04\/05\/das-grosse-mysterium-als-quelle-der-kreativitat\/\" >\n\t\t\t\t\tDAS &#8220;GROSSE MYSTERIUM&#8221; ALS QUELLE DER KREATIVIT\u00c4T\t\t\t\t<\/a>\n\t\t\t<\/h4>\n\n\t\t\t\t\t\t\t<p class=\"qodef-excerpt\" >Konzertreihe Akkordeon grenzenlos (III), April 2016 Nein, Stefan Hussongs hohe Akkordeonkunst \u00fcberw\u00e4ltigt nicht einfach. Sie ber\u00fchrt. Sie fesselt. Sie bewegt.....<\/p>\n\t\t\t\t\t<\/div>\n\t<\/div>\t\n<\/li><li class=\"qodef-blog-list-item clearfix\">\n\t<div class=\"qodef-blog-list-item-inner\">\n\t\t<div class=\"qodef-item-image\">\n\t\t\t<a href=\"https:\/\/www.stefan-hussong.de\/wordpress\/2015\/05\/18\/cd-two-john-cage\/\">\n\t\t\t\t\t\t\t\t\n\t\t\t<\/a>\n\t\t<\/div>\n\t\t<div class=\"qodef-item-text-holder\" style=\"background-color:rgba(200,200,200,0.5)\">\n\t\t\t<div class=\"qodef-item-info-section\" >\n\t\t\t\t<div class=\"qodef-post-info-date\">May 18, 2015<\/div>\t\t\t<\/div>\n\n\t\t\t<h4 class=\"qodef-item-title\" >\n\t\t\t\t<a href=\"https:\/\/www.stefan-hussong.de\/wordpress\/2015\/05\/18\/cd-two-john-cage\/\" >\n\t\t\t\t\tCD &#8211; &#8220;Two&sup3;&#8221;  John Cage\t\t\t\t<\/a>\n\t\t\t<\/h4>\n\n\t\t\t\t\t\t\t<p class=\"qodef-excerpt\" >Der Akkordeonist Stefan Hussong ist kein Physiker, der Shengspieler Wu Wei kein Astronom. Und John Cage war weder das Eine....<\/p>\n\t\t\t\t\t<\/div>\n\t<\/div>\t\n<\/li>\t<\/ul>\t\n\t<\/div>\n[\/vc_column][\/vc_row]<\/p>\n","protected":false},"excerpt":{"rendered":"<p>[vc_row][vc_column][\/vc_column][\/vc_row]<\/p>\n","protected":false},"author":1,"featured_media":0,"parent":0,"menu_order":0,"comment_status":"closed","ping_status":"closed","template":"","meta":{"footnotes":""},"class_list":["post-8590","page","type-page","status-publish","hentry"],"_links":{"self":[{"href":"https:\/\/www.stefan-hussong.de\/wordpress\/wp-json\/wp\/v2\/pages\/8590","targetHints":{"allow":["GET"]}}],"collection":[{"href":"https:\/\/www.stefan-hussong.de\/wordpress\/wp-json\/wp\/v2\/pages"}],"about":[{"href":"https:\/\/www.stefan-hussong.de\/wordpress\/wp-json\/wp\/v2\/types\/page"}],"author":[{"embeddable":true,"href":"https:\/\/www.stefan-hussong.de\/wordpress\/wp-json\/wp\/v2\/users\/1"}],"replies":[{"embeddable":true,"href":"https:\/\/www.stefan-hussong.de\/wordpress\/wp-json\/wp\/v2\/comments?post=8590"}],"version-history":[{"count":3,"href":"https:\/\/www.stefan-hussong.de\/wordpress\/wp-json\/wp\/v2\/pages\/8590\/revisions"}],"predecessor-version":[{"id":10091,"href":"https:\/\/www.stefan-hussong.de\/wordpress\/wp-json\/wp\/v2\/pages\/8590\/revisions\/10091"}],"wp:attachment":[{"href":"https:\/\/www.stefan-hussong.de\/wordpress\/wp-json\/wp\/v2\/media?parent=8590"}],"curies":[{"name":"wp","href":"https:\/\/api.w.org\/{rel}","templated":true}]}}